{"id":95,"date":"2024-11-06T14:47:38","date_gmt":"2024-11-06T13:47:38","guid":{"rendered":"https:\/\/zelatyna-demo.pl\/?page_id=95"},"modified":"2025-10-22T22:12:35","modified_gmt":"2025-10-22T20:12:35","slug":"our-certificates","status":"publish","type":"page","link":"https:\/\/zelatyna-demo.pl\/de\/our-certificates\/","title":{"rendered":"Our certificates"},"content":{"rendered":"<h1>Our Certifications<\/h1>\n<div>\n<p>The pork gelatin we produce meets all major global standards. For us, quality means top-class raw materials, advanced technologies, as well as care for tradition and the natural environment.<\/p>\n<p>We hold the following certifications:<\/p>\n<ul>\n<li>BRC<\/li>\n<li>ISO 22000:2018<\/li>\n<li>ISO 9001:2015<\/li>\n<\/ul>\n<\/div>\n<p><img decoding=\"async\" src=\"\/wp-content\/uploads\/2024\/11\/ikona-1-150x150-1.png\" alt=\"EU Standard\"><br \/>\n<img decoding=\"async\" src=\"\/wp-content\/uploads\/2024\/11\/iso-9001-150x150-1.png\" alt=\"ISO 9001\"><\/p>\n<ul>\n<li>\n<p>        <img decoding=\"async\" src=\"\/wp-content\/uploads\/2024\/11\/3.jpg\" alt=\"Certifications\"><\/p>\n<h3>3<\/h3>\n<\/li>\n<li>\n<p>        <img decoding=\"async\" src=\"\/wp-content\/uploads\/2024\/11\/1.jpg\" alt=\"Certifications\"><\/p>\n<h3>1<\/h3>\n<\/li>\n<\/ul>\n<p><!--more--><br \/>\n<!-- {\"type\":\"layout\",\"children\":[{\"type\":\"section\",\"props\":{\"image\":\"wp-content\\\/uploads\\\/2024\\\/11\\\/jelly-bear-scaled-1.jpg\",\"image_position\":\"center-center\",\"padding\":\"xlarge\",\"style\":\"default\",\"title_breakpoint\":\"xl\",\"title_position\":\"top-left\",\"title_rotation\":\"left\",\"vertical_align\":\"middle\",\"width\":\"default\"},\"children\":[{\"type\":\"row\",\"children\":[{\"type\":\"column\",\"props\":{\"image_position\":\"center-center\",\"position_sticky_breakpoint\":\"m\"}}]}]},{\"type\":\"section\",\"props\":{\"image_position\":\"center-center\",\"style\":\"default\",\"title_breakpoint\":\"xl\",\"title_position\":\"top-left\",\"title_rotation\":\"left\",\"vertical_align\":\"middle\",\"width\":\"small\"},\"children\":[{\"type\":\"row\",\"props\":{\"css\":\".el-row{\\n    margin-top:-150px;\\n\\tbackground-color:white;\\n    padding:10px;\\n    padding-top:30px;\\n}\",\"layout\":\"3-5,1-5,1-5|1-1,1-2,1-2\"},\"children\":[{\"type\":\"column\",\"props\":{\"image_position\":\"center-center\",\"position_sticky_breakpoint\":\"m\",\"width_medium\":\"3-5\",\"width_small\":\"1-1\"},\"children\":[{\"type\":\"headline\",\"props\":{\"content\":\"Nasze certyfikaty\",\"content_de_de\":\"Unsere Zertifikate\",\"content_en_us\":\"Our Certifications\",\"content_es_es\":\"Nuestros certificados\",\"content_fr_fr\":\"Nos certifications\",\"title_element\":\"h1\"}},{\"type\":\"text\",\"props\":{\"column_breakpoint\":\"m\",\"content\":\"\n\n<p>The pork gelatin we produce meets all major global standards. For us, quality means top-class raw materials, advanced technologies, as well as care for tradition and the natural environment.<\\\/p>\\n\n\n<p>We hold the following certifications:<\\\/p>\\n\n\n<ul>\\n\n\n<li>BRC<\\\/li>\\n\n\n<li>ISO 22000:2018<\\\/li>\\n\n\n<li>ISO 9001:2015<\\\/li>\\n<\\\/ul>\",\"content_de_de\":\"\\n    \n\n<p align=\\\"justify\\\">Die von uns produzierte Schweinegelatine erf\\u00fcllt alle wichtigen globalen Standards. F\\u00fcr uns bedeutet Qualit\\u00e4t erstklassige Rohstoffe, fortschrittliche Technologien sowie die Pflege von Tradition und Umweltbewusstsein.<\\\/p>\\n    \n\n<p align=\\\"justify\\\">Wir verf\\u00fcgen \\u00fcber folgende Zertifikate:<\\\/p>\\n    \n\n<ul>\\n        \n\n<li style=\\\"list-style-type: none;\\\">\\n            \n\n<ul>\\n                \n\n<li>GMP+<\\\/li>\\n                \n\n<li>BRC<\\\/li>\\n                \n\n<li>ISO 22000:2018<\\\/li>\\n                \n\n<li>ISO 9001:2015<\\\/li>\\n            <\\\/ul>\\n        <\\\/li>\\n    <\\\/ul>\\n\\n\",\"content_es_es\":\"\n\n<p>La gelatina de cerdo que producimos cumple con todos los principales est\\u00e1ndares globales. Para nosotros, la calidad significa materias primas de primera clase, tecnolog\\u00edas avanzadas y cuidado por la tradici\\u00f3n y el medio ambiente natural.<\\\/p>\\n\n\n<p>Contamos con las siguientes certificaciones:<\\\/p>\\n\n\n<ul>\\n\n\n<li>BRC<\\\/li>\\n\n\n<li>ISO 22000:2018<\\\/li>\\n\n\n<li>ISO 9001:2015<\\\/li>\\n<\\\/ul>\",\"content_fr_fr\":\"\n\n<p>La g\\u00e9latine de porc que nous produisons respecte toutes les principales normes mondiales. Pour nous, la qualit\\u00e9 signifie des mati\\u00e8res premi\\u00e8res de premier ordre, des technologies avanc\\u00e9es ainsi qu'un souci de la tradition et de l'environnement naturel.<\\\/p>\\n\n\n<p>Nous d\\u00e9tenons les certifications suivantes :<\\\/p>\\n\n\n<ul>\\n\n\n<li>BRC<\\\/li>\\n\n\n<li>ISO 22000:2018<\\\/li>\\n\n\n<li>ISO 9001:2015<\\\/li>\\n<\\\/ul>\",\"margin\":\"default\"}}]},{\"type\":\"column\",\"props\":{\"image_position\":\"center-center\",\"position_sticky_breakpoint\":\"m\",\"width_medium\":\"1-5\",\"width_small\":\"1-2\"},\"children\":[{\"type\":\"image\",\"props\":{\"image\":\"wp-content\\\/uploads\\\/2024\\\/11\\\/ikona-1-150x150-1.png\",\"image_alt\":\"EU Standard\",\"image_svg_color\":\"emphasis\",\"margin\":\"default\",\"text_align\":\"right\"}}]},{\"type\":\"column\",\"props\":{\"image_position\":\"center-center\",\"position_sticky_breakpoint\":\"m\",\"width_medium\":\"1-5\",\"width_small\":\"1-2\"},\"children\":[{\"type\":\"image\",\"props\":{\"image\":\"wp-content\\\/uploads\\\/2024\\\/11\\\/iso-9001-150x150-1.png\",\"image_alt\":\"ISO 9001\",\"image_svg_color\":\"emphasis\",\"margin\":\"default\",\"text_align\":\"right\"}}]}]},{\"type\":\"row\",\"props\":{\"layout\":\"1-5,4-5\"},\"children\":[{\"type\":\"column\",\"props\":{\"image_position\":\"center-center\",\"position_sticky_breakpoint\":\"m\",\"width_medium\":\"1-5\"}},{\"type\":\"column\",\"props\":{\"image_position\":\"center-center\",\"position_sticky_breakpoint\":\"m\",\"width_medium\":\"4-5\"},\"children\":[{\"type\":\"gallery\",\"props\":{\"filter_align\":\"left\",\"filter_all\":true,\"filter_grid_breakpoint\":\"m\",\"filter_grid_width\":\"auto\",\"filter_position\":\"top\",\"filter_style\":\"tab\",\"grid_default\":\"1\",\"grid_divider\":false,\"grid_medium\":\"3\",\"item_animation\":true,\"lightbox\":true,\"link_style\":\"default\",\"link_text\":\"Read more\",\"margin\":\"default\",\"meta_align\":\"below-title\",\"meta_element\":\"div\",\"meta_style\":\"text-meta\",\"overlay_hover\":true,\"overlay_mode\":\"cover\",\"overlay_position\":\"center\",\"overlay_style\":\"\",\"overlay_transition\":\"fade\",\"show_content\":false,\"show_hover_image\":false,\"show_hover_video\":false,\"show_link\":false,\"show_meta\":false,\"show_title\":false,\"text_align\":\"center\",\"text_color\":\"light\",\"title_element\":\"h3\",\"title_hover_style\":\"reset\"},\"children\":[{\"type\":\"gallery_item\",\"props\":{\"image\":\"wp-content\\\/uploads\\\/2024\\\/11\\\/3.jpg\",\"image_alt\":\"Certifications\",\"title\":\"3\"}},{\"type\":\"gallery_item\",\"props\":{\"image\":\"wp-content\\\/uploads\\\/2024\\\/11\\\/1.jpg\",\"image_alt\":\"Certifications\",\"title\":\"1\"}}]}]}]}]}],\"version\":\"4.4.20\",\"yooessentialsVersion\":\"2.2.24\"} --><\/p>\n","protected":false},"excerpt":{"rendered":"<p>Unsere Zertifikate Die von uns produzierte Schweinegelatine erf\u00fcllt alle wichtigen globalen Standards. F\u00fcr uns bedeutet Qualit\u00e4t erstklassige Rohstoffe, fortschrittliche Technologien sowie die Pflege von Tradition und Umweltbewusstsein. Wir verf\u00fcgen \u00fcber folgende Zertifikate: GMP+ BRC ISO 22000:2018 ISO 9001:2015 3 1<\/p>\n","protected":false},"author":1,"featured_media":0,"parent":0,"menu_order":0,"comment_status":"closed","ping_status":"closed","template":"","meta":{"footnotes":""},"class_list":["post-95","page","type-page","status-publish","hentry"],"_links":{"self":[{"href":"https:\/\/zelatyna-demo.pl\/de\/wp-json\/wp\/v2\/pages\/95","targetHints":{"allow":["GET"]}}],"collection":[{"href":"https:\/\/zelatyna-demo.pl\/de\/wp-json\/wp\/v2\/pages"}],"about":[{"href":"https:\/\/zelatyna-demo.pl\/de\/wp-json\/wp\/v2\/types\/page"}],"author":[{"embeddable":true,"href":"https:\/\/zelatyna-demo.pl\/de\/wp-json\/wp\/v2\/users\/1"}],"replies":[{"embeddable":true,"href":"https:\/\/zelatyna-demo.pl\/de\/wp-json\/wp\/v2\/comments?post=95"}],"version-history":[{"count":19,"href":"https:\/\/zelatyna-demo.pl\/de\/wp-json\/wp\/v2\/pages\/95\/revisions"}],"predecessor-version":[{"id":556,"href":"https:\/\/zelatyna-demo.pl\/de\/wp-json\/wp\/v2\/pages\/95\/revisions\/556"}],"wp:attachment":[{"href":"https:\/\/zelatyna-demo.pl\/de\/wp-json\/wp\/v2\/media?parent=95"}],"curies":[{"name":"wp","href":"https:\/\/api.w.org\/{rel}","templated":true}]}}