{"id":71,"date":"2024-11-06T14:22:18","date_gmt":"2024-11-06T13:22:18","guid":{"rendered":"https:\/\/zelatyna-demo.pl\/?page_id=71"},"modified":"2025-10-22T22:06:34","modified_gmt":"2025-10-22T20:06:34","slug":"offer","status":"publish","type":"page","link":"https:\/\/zelatyna-demo.pl\/fr\/offre\/","title":{"rendered":"Offre"},"content":{"rendered":"<h1>Offer<\/h1>\n<div>Gelatin is a raw material used in the production of a wide range of products. Companies worldwide use it for manufacturing sweets, gummy candies, delicatessen products, food additives, and pharmaceutical capsules.<\/div>\n<p><img decoding=\"async\" src=\"\/wp-content\/uploads\/2024\/11\/Frame-26-1-2048x1667-1.png\" alt=\"Pork food gelatin\"><\/p>\n<h2>Pork food gelatin<\/h2>\n<div>\n<div id=\"wd-653257c2d1f12\" class=\"wd-text-block wd-wpb reset-last-child wd-rs-653257c2d1f12 text-left wd-fontsize-xs \">\n<h4>Hardness: 100-300<sup>o <\/sup>Bl<br \/>Granulation: 8-50 Mesh<\/h4>\n<\/div>\n<div id=\"wd-653a0df29c354\" class=\"wd-text-block wd-wpb reset-last-child wd-rs-653a0df29c354 text-left wd-fontsize-xs \">\n<p>Pork gelatin is a natural protein \u2013 free from carbohydrates, fat, cholesterol, allergens, GMO, and additives. A gelling agent that is an excellent binder, stabilizer, and base for many food products.<\/p>\n<\/div>\n<div id=\"wd-653a10810da34\" class=\"wd-text-block wd-wpb reset-last-child wd-rs-653a10810da34 text-left wd-font-weight-700 wd-fontsize-xs \">\n<p>Not sure which type of gelatin is right for you?<\/p>\n<\/div>\n<\/div>\n<p>\n    <a href=\"#\">Contact Us<\/a>\n<\/p>\n<h2>Pharmaceutical Gelatin<\/h2>\n<div>\n<div id=\"wd-653258c1a759e\" class=\"wd-text-block wd-wpb reset-last-child wd-rs-653258c1a759e text-left wd-fontsize-xs \">\n<h4>Hardness: 100-300<sup>o <\/sup>Bl<br \/>Granulation: 8-50 Mesh<\/h4>\n<\/div>\n<div id=\"wd-6532708e87be9\" class=\"wd-text-block wd-wpb reset-last-child wd-rs-6532708e87be9 text-left wd-fontsize-xs vc_custom_1697804443966\">\n<p align=\"justify\">Gelatin is a fundamental raw material for the production of capsules and a solid base for many medicines and supplements.<\/p>\n<\/div>\n<div id=\"wd-653a109d62aca\" class=\"wd-text-block wd-wpb reset-last-child wd-rs-653a109d62aca text-left wd-font-weight-700 wd-fontsize-xs \">\n<p>Not sure which type of gelatin is right for you?<\/p>\n<\/div>\n<\/div>\n<p>\n    <a href=\"#\">Contact Us<\/a>\n<\/p>\n<p><img decoding=\"async\" src=\"\/wp-content\/uploads\/2024\/11\/Frame-20-2048x1791-1.png\" alt=\"Pharmaceutical Gelatin\"><\/p>\n<div>\n<p>Pork gelatin is a natural protein \u2013 free from carbohydrates, fat, cholesterol, allergens, GMOs, and additives. It can form gels and serves as an excellent binder, stabilizer, and adhesive. Due to its versatile properties, it plays an important role in today&rsquo;s food and pharmaceutical industries. Our pork gelatin is obtained from the highest quality raw materials. Through acid hydrolysis followed by extraction, we obtain a broth that is a collagen protein solution. Then, through filtering, clarification, concentration, and drying, we obtain a pure protein form. Gelatin contains a unique amino acid composition, giving it high nutritional value. Consuming gelatin supports joint, bone, and skin health.<\/p>\n<\/div>\n<p><!--more--><br \/>\n<!-- {\"type\":\"layout\",\"children\":[{\"type\":\"section\",\"props\":{\"image\":\"wp-content\\\/uploads\\\/2024\\\/11\\\/jelly-bear-scaled-1.jpg\",\"image_position\":\"center-center\",\"padding\":\"xlarge\",\"style\":\"default\",\"title_breakpoint\":\"xl\",\"title_position\":\"top-left\",\"title_rotation\":\"left\",\"vertical_align\":\"middle\",\"width\":\"default\"},\"children\":[{\"type\":\"row\",\"children\":[{\"type\":\"column\",\"props\":{\"image_position\":\"center-center\",\"position_sticky_breakpoint\":\"m\"}}]}]},{\"type\":\"section\",\"props\":{\"image_position\":\"center-center\",\"padding\":\"small\",\"style\":\"default\",\"title_breakpoint\":\"xl\",\"title_position\":\"top-left\",\"title_rotation\":\"left\",\"vertical_align\":\"middle\",\"width\":\"small\"},\"children\":[{\"type\":\"row\",\"props\":{\"css\":\".el-row{\\n    margin-top:-150px;\\n\\tbackground-color:white;\\n    padding:10px;\\n    padding-top:30px;\\n}\",\"row_gap\":\"large\"},\"children\":[{\"type\":\"column\",\"props\":{\"image_position\":\"center-center\",\"position_sticky_breakpoint\":\"m\"},\"children\":[{\"type\":\"headline\",\"props\":{\"content\":\"Oferta\",\"content_de_de\":\"Angebot\",\"content_en_us\":\"Offer\",\"content_es_es\":\"Oferta\",\"content_fr_fr\":\"Offre\",\"css\":\".el-element {\\n    margin-top: 20px;\\n}\",\"margin\":\"default\",\"title_element\":\"h1\"}},{\"type\":\"text\",\"props\":{\"column_breakpoint\":\"m\",\"content\":\"Gelatin is a raw material used in the production of a wide range of products. Companies worldwide use it for manufacturing sweets, gummy candies, delicatessen products, food additives, and pharmaceutical capsules.\",\"content_de_de\":\"Gelatine ist ein Rohstoff f\\u00fcr die Herstellung einer Vielzahl von Produkten. Unternehmen auf der ganzen Welt verwenden sie zur Produktion von S\\u00fc\\u00dfwaren, Gummib\\u00e4rchen, Feinkostprodukten, Lebensmittelzus\\u00e4tzen und pharmazeutischen Kapseln.\",\"content_es_es\":\"La gelatina es una materia prima utilizada en la producci\\u00f3n de una amplia variedad de productos. Empresas de todo el mundo la emplean para fabricar dulces, caramelos de goma, productos de charcuter\\u00eda, aditivos alimentarios y c\\u00e1psulas farmac\\u00e9uticas.\",\"content_fr_fr\":\"La g\\u00e9latine est une mati\\u00e8re premi\\u00e8re utilis\\u00e9e pour la fabrication d'une large gamme de produits. Les entreprises du monde entier l\\u2019utilisent pour produire des confiseries, des bonbons g\\u00e9lifi\\u00e9s, des produits traiteurs, des additifs alimentaires et des capsules pharmaceutiques.\",\"margin\":\"default\"}}]}]},{\"type\":\"row\",\"props\":{\"layout\":\"1-2,1-2\",\"row_gap\":\"large\"},\"children\":[{\"type\":\"column\",\"props\":{\"image_position\":\"center-center\",\"position_sticky_breakpoint\":\"m\",\"width_medium\":\"1-2\"},\"children\":[{\"type\":\"image\",\"props\":{\"image\":\"wp-content\\\/uploads\\\/2024\\\/11\\\/Frame-26-1-2048x1667-1.png\",\"image_alt\":\"Pork food gelatin\",\"image_border\":\"rounded\",\"image_svg_color\":\"emphasis\",\"margin\":\"default\"}}]},{\"type\":\"column\",\"props\":{\"image_position\":\"center-center\",\"padding\":\"xsmall\",\"position_sticky_breakpoint\":\"m\",\"text_color\":\"dark\",\"vertical_align\":\"middle\",\"width_medium\":\"1-2\"},\"children\":[{\"type\":\"headline\",\"props\":{\"content\":\"Pork food gelatin\",\"content_de_de\":\"Schweinegelatine f\\u00fcr Lebensmittel\",\"content_es_es\":\"Gelatina alimentaria de cerdo\",\"content_fr_fr\":\"G\\u00e9latine alimentaire porcine\",\"title_element\":\"h2\",\"title_style\":\"h3\"}},{\"type\":\"text\",\"props\":{\"column_breakpoint\":\"m\",\"content\":\"\n\n<div id=\\\"wd-653257c2d1f12\\\" class=\\\"wd-text-block wd-wpb reset-last-child wd-rs-653257c2d1f12 text-left wd-fontsize-xs \\\">\\n\n\n<h4>Hardness: 100-300<sup>o <\\\/sup>Bl<br \\\/>Granulation: 8-50 Mesh<\\\/h4>\\n<\\\/div>\\n\n\n<div id=\\\"wd-653a0df29c354\\\" class=\\\"wd-text-block wd-wpb reset-last-child wd-rs-653a0df29c354 text-left wd-fontsize-xs \\\">\\n\n\n<p>Pork gelatin is a natural protein \\u2013 free from carbohydrates, fat, cholesterol, allergens, GMO, and additives. A gelling agent that is an excellent binder, stabilizer, and base for many food products.<\\\/p>\\n<\\\/div>\\n\n\n<div id=\\\"wd-653a10810da34\\\" class=\\\"wd-text-block wd-wpb reset-last-child wd-rs-653a10810da34 text-left wd-font-weight-700 wd-fontsize-xs \\\">\\n\n\n<p>Not sure which type of gelatin is right for you?<\\\/p>\\n<\\\/div>\",\"content_de_de\":\"\n\n<div id=\\\"wd-653257c2d1f12\\\" class=\\\"wd-text-block wd-wpb reset-last-child wd-rs-653257c2d1f12 text-left wd-fontsize-xs \\\">\\n    \n\n<h4>H\\u00e4rte: 100-300<sup>o <\\\/sup>Bl<br \\\/>K\\u00f6rnung: 8-50 Mesh<\\\/h4>\\n<\\\/div>\\n\\n\n\n<div id=\\\"wd-653a0df29c354\\\" class=\\\"wd-text-block wd-wpb reset-last-child wd-rs-653a0df29c354 text-left wd-fontsize-xs \\\">\\n    \n\n<p>Schweinegelatine ist ein nat\\u00fcrliches Protein \\u2013 frei von Kohlenhydraten, Fett, Cholesterin, Allergenen, ohne GVO und Zusatzstoffe. Ein Geliermittel, das ein hervorragendes Bindemittel, Stabilisator und eine Basis f\\u00fcr viele Lebensmittelprodukte ist.<\\\/p>\\n<\\\/div>\\n\\n\n\n<div id=\\\"wd-653a10810da34\\\" class=\\\"wd-text-block wd-wpb reset-last-child wd-rs-653a10810da34 text-left wd-font-weight-700 wd-fontsize-xs \\\">\\n    \n\n<p>Sie sind sich nicht sicher, welche Art von Gelatine f\\u00fcr Sie geeignet ist?<\\\/p>\\n<\\\/div>\\n\",\"content_es_es\":\"\n\n<div id=\\\"wd-653257c2d1f12\\\" class=\\\"wd-text-block wd-wpb reset-last-child wd-rs-653257c2d1f12 text-left wd-fontsize-xs \\\">\\n    \n\n<h4>Dureza: 100-300<sup>o <\\\/sup>Bl<br \\\/>Granulaci\\u00f3n: 8-50 Mesh<\\\/h4>\\n<\\\/div>\\n\\n\n\n<div id=\\\"wd-653a0df29c354\\\" class=\\\"wd-text-block wd-wpb reset-last-child wd-rs-653a0df29c354 text-left wd-fontsize-xs \\\">\\n    \n\n<p>La gelatina de cerdo es una prote\\u00edna natural, libre de carbohidratos, grasas, colesterol, al\\u00e9rgenos, OGM y aditivos. Un agente gelificante que es un excelente aglutinante, estabilizador y base para muchos productos alimentarios.<\\\/p>\\n<\\\/div>\\n\\n\n\n<div id=\\\"wd-653a10810da34\\\" class=\\\"wd-text-block wd-wpb reset-last-child wd-rs-653a10810da34 text-left wd-font-weight-700 wd-fontsize-xs \\\">\\n    \n\n<p>\\u00bfNo est\\u00e1s seguro de qu\\u00e9 tipo de gelatina es adecuada para ti?<\\\/p>\\n<\\\/div>\\n\",\"content_fr_fr\":\"\n\n<div id=\\\"wd-653257c2d1f12\\\" class=\\\"wd-text-block wd-wpb reset-last-child wd-rs-653257c2d1f12 text-left wd-fontsize-xs \\\">\\n    \n\n<h4>Duret\\u00e9: 100-300<sup>o <\\\/sup>Bl<br \\\/>Granulation: 8-50 Mesh<\\\/h4>\\n<\\\/div>\\n\\n\n\n<div id=\\\"wd-653a0df29c354\\\" class=\\\"wd-text-block wd-wpb reset-last-child wd-rs-653a0df29c354 text-left wd-fontsize-xs \\\">\\n    \n\n<p>La g\\u00e9latine porcine est une prot\\u00e9ine naturelle \\u2013 sans glucides, mati\\u00e8res grasses, cholest\\u00e9rol, allerg\\u00e8nes, OGM ni additifs. Un agent g\\u00e9lifiant qui est un excellent liant, stabilisant et base pour de nombreux produits alimentaires.<\\\/p>\\n<\\\/div>\\n\\n\n\n<div id=\\\"wd-653a10810da34\\\" class=\\\"wd-text-block wd-wpb reset-last-child wd-rs-653a10810da34 text-left wd-font-weight-700 wd-fontsize-xs \\\">\\n    \n\n<p>Vous ne savez pas quel type de g\\u00e9latine vous convient le mieux ?<\\\/p>\\n<\\\/div>\\n\",\"margin\":\"default\"}},{\"type\":\"button\",\"props\":{\"grid_column_gap\":\"small\",\"grid_row_gap\":\"small\",\"margin\":\"default\"},\"children\":[{\"type\":\"button_item\",\"props\":{\"button_style\":\"default\",\"content\":\"Contact Us\",\"content_de_de\":\"Kontaktieren Sie uns\",\"content_es_es\":\"Cont\\u00e1ctanos\",\"content_fr_fr\":\"Contactez-nous\",\"icon_align\":\"left\",\"link\":\"#\"}}]}]}]},{\"type\":\"row\",\"props\":{\"layout\":\"1-2,1-2\",\"row_gap\":\"large\"},\"children\":[{\"type\":\"column\",\"props\":{\"image_position\":\"center-center\",\"position_sticky_breakpoint\":\"m\",\"width_medium\":\"1-2\"},\"children\":[{\"type\":\"headline\",\"props\":{\"content\":\"Pharmaceutical Gelatin\",\"content_de_de\":\"Pharmazeutische Gelatine\",\"content_es_es\":\"Gelatina Farmac\\u00e9utica\",\"content_fr_fr\":\"G\\u00e9latine Pharmaceutique\",\"title_element\":\"h2\",\"title_style\":\"h3\"}},{\"type\":\"text\",\"props\":{\"column_breakpoint\":\"m\",\"content\":\"\n\n<div id=\\\"wd-653258c1a759e\\\" class=\\\"wd-text-block wd-wpb reset-last-child wd-rs-653258c1a759e text-left wd-fontsize-xs \\\">\\n    \n\n<h4>Hardness: 100-300<sup>o <\\\/sup>Bl<br \\\/>Granulation: 8-50 Mesh<\\\/h4>\\n<\\\/div>\\n\\n\n\n<div id=\\\"wd-6532708e87be9\\\" class=\\\"wd-text-block wd-wpb reset-last-child wd-rs-6532708e87be9 text-left wd-fontsize-xs vc_custom_1697804443966\\\">\\n    \n\n<p align=\\\"justify\\\">Gelatin is a fundamental raw material for the production of capsules and a solid base for many medicines and supplements.<\\\/p>\\n<\\\/div>\\n\\n\n\n<div id=\\\"wd-653a109d62aca\\\" class=\\\"wd-text-block wd-wpb reset-last-child wd-rs-653a109d62aca text-left wd-font-weight-700 wd-fontsize-xs \\\">\\n    \n\n<p>Not sure which type of gelatin is right for you?<\\\/p>\\n<\\\/div>\\n\",\"content_de_de\":\"\n\n<div id=\\\"wd-653258c1a759e\\\" class=\\\"wd-text-block wd-wpb reset-last-child wd-rs-653258c1a759e text-left wd-fontsize-xs \\\">\\n    \n\n<h4>H\\u00e4rte: 100-300<sup>o <\\\/sup>Bl<br \\\/>K\\u00f6rnung: 8-50 Mesh<\\\/h4>\\n<\\\/div>\\n\\n\n\n<div id=\\\"wd-6532708e87be9\\\" class=\\\"wd-text-block wd-wpb reset-last-child wd-rs-6532708e87be9 text-left wd-fontsize-xs vc_custom_1697804443966\\\">\\n    \n\n<p align=\\\"justify\\\">Gelatine ist ein grundlegender Rohstoff f\\u00fcr die Herstellung von Kapseln und eine solide Basis f\\u00fcr viele Arzneimittel und Nahrungserg\\u00e4nzungsmittel.<\\\/p>\\n<\\\/div>\\n\\n\n\n<div id=\\\"wd-653a109d62aca\\\" class=\\\"wd-text-block wd-wpb reset-last-child wd-rs-653a109d62aca text-left wd-font-weight-700 wd-fontsize-xs \\\">\\n    \n\n<p>Sie sind sich nicht sicher, welche Art von Gelatine f\\u00fcr Sie geeignet ist?<\\\/p>\\n<\\\/div>\\n\",\"content_es_es\":\"\n\n<div id=\\\"wd-653258c1a759e\\\" class=\\\"wd-text-block wd-wpb reset-last-child wd-rs-653258c1a759e text-left wd-fontsize-xs \\\">\\n    \n\n<h4>Dureza: 100-300<sup>o <\\\/sup>Bl<br \\\/>Granulaci\\u00f3n: 8-50 Mesh<\\\/h4>\\n<\\\/div>\\n\\n\n\n<div id=\\\"wd-6532708e87be9\\\" class=\\\"wd-text-block wd-wpb reset-last-child wd-rs-6532708e87be9 text-left wd-fontsize-xs vc_custom_1697804443966\\\">\\n    \n\n<p align=\\\"justify\\\">La gelatina es una materia prima fundamental para la producci\\u00f3n de c\\u00e1psulas y una base s\\u00f3lida para muchos medicamentos y suplementos.<\\\/p>\\n<\\\/div>\\n\\n\n\n<div id=\\\"wd-653a109d62aca\\\" class=\\\"wd-text-block wd-wpb reset-last-child wd-rs-653a109d62aca text-left wd-font-weight-700 wd-fontsize-xs \\\">\\n    \n\n<p>\\u00bfNo est\\u00e1s seguro de qu\\u00e9 tipo de gelatina es adecuada para ti?<\\\/p>\\n<\\\/div>\\n\",\"content_fr_fr\":\"\n\n<div id=\\\"wd-653258c1a759e\\\" class=\\\"wd-text-block wd-wpb reset-last-child wd-rs-653258c1a759e text-left wd-fontsize-xs \\\">\\n    \n\n<h4>Duret\\u00e9: 100-300<sup>o <\\\/sup>Bl<br \\\/>Granulation: 8-50 Mesh<\\\/h4>\\n<\\\/div>\\n\\n\n\n<div id=\\\"wd-6532708e87be9\\\" class=\\\"wd-text-block wd-wpb reset-last-child wd-rs-6532708e87be9 text-left wd-fontsize-xs vc_custom_1697804443966\\\">\\n    \n\n<p align=\\\"justify\\\">La g\\u00e9latine est une mati\\u00e8re premi\\u00e8re essentielle pour la fabrication de capsules et constitue une base solide pour de nombreux m\\u00e9dicaments et compl\\u00e9ments alimentaires.<\\\/p>\\n<\\\/div>\\n\\n\n\n<div id=\\\"wd-653a109d62aca\\\" class=\\\"wd-text-block wd-wpb reset-last-child wd-rs-653a109d62aca text-left wd-font-weight-700 wd-fontsize-xs \\\">\\n    \n\n<p>Vous ne savez pas quel type de g\\u00e9latine vous convient le mieux ?<\\\/p>\\n<\\\/div>\\n\",\"margin\":\"default\"}},{\"type\":\"button\",\"props\":{\"grid_column_gap\":\"small\",\"grid_row_gap\":\"small\",\"margin\":\"default\"},\"children\":[{\"type\":\"button_item\",\"props\":{\"button_style\":\"secondary\",\"content\":\"Contact Us\",\"content_de_de\":\"Kontaktieren Sie uns\",\"content_es_es\":\"Cont\\u00e1ctanos\",\"content_fr_fr\":\"Contactez-nous\",\"icon_align\":\"left\",\"link\":\"#\"}}]}]},{\"type\":\"column\",\"props\":{\"image_position\":\"center-center\",\"padding\":\"xsmall\",\"position_sticky_breakpoint\":\"m\",\"text_color\":\"dark\",\"vertical_align\":\"middle\",\"width_medium\":\"1-2\"},\"children\":[{\"type\":\"image\",\"props\":{\"image\":\"wp-content\\\/uploads\\\/2024\\\/11\\\/Frame-20-2048x1791-1.png\",\"image_alt\":\"Pharmaceutical Gelatin\",\"image_border\":\"rounded\",\"image_svg_color\":\"emphasis\",\"margin\":\"default\"}}]}]}]},{\"type\":\"section\",\"props\":{\"image\":\"wp-content\\\/uploads\\\/2024\\\/11\\\/o-zelatynie-scaled-1.jpg\",\"image_position\":\"center-center\",\"style\":\"default\",\"title_breakpoint\":\"xl\",\"title_position\":\"top-left\",\"title_rotation\":\"left\",\"vertical_align\":\"middle\",\"width\":\"default\"},\"children\":[{\"type\":\"row\",\"children\":[{\"type\":\"column\",\"props\":{\"image_position\":\"center-center\",\"position_sticky_breakpoint\":\"m\"},\"children\":[{\"type\":\"text\",\"props\":{\"column_breakpoint\":\"m\",\"content\":\"\n\n<p>Pork gelatin is a natural protein \\u2013 free from carbohydrates, fat, cholesterol, allergens, GMOs, and additives. It can form gels and serves as an excellent binder, stabilizer, and adhesive. Due to its versatile properties, it plays an important role in today's food and pharmaceutical industries. Our pork gelatin is obtained from the highest quality raw materials. Through acid hydrolysis followed by extraction, we obtain a broth that is a collagen protein solution. Then, through filtering, clarification, concentration, and drying, we obtain a pure protein form. Gelatin contains a unique amino acid composition, giving it high nutritional value. Consuming gelatin supports joint, bone, and skin health.<\\\/p>\",\"content_de_de\":\"Schweinegelatine ist ein nat\\u00fcrliches Protein \\u2013 frei von Kohlenhydraten, Fett, Cholesterin, Allergenen, GVO und Zusatzstoffen. Sie kann Gele bilden und ist ein hervorragendes Bindemittel, Stabilisator und Klebstoff. Aufgrund ihrer vielseitigen Eigenschaften spielt sie eine wichtige Rolle in der heutigen Lebensmittel- und Pharmaindustrie. Unsere Schweinegelatine wird aus Rohstoffen von h\\u00f6chster Qualit\\u00e4t gewonnen. Durch S\\u00e4urehydrolyse und anschlie\\u00dfende Extraktion erhalten wir eine Br\\u00fche, die eine Kollagen-Proteinl\\u00f6sung ist. Anschlie\\u00dfend wird durch Filtration, Kl\\u00e4rung, Eindickung und Trocknung eine reine Proteinform gewonnen. Gelatine enth\\u00e4lt eine einzigartige Aminos\\u00e4urezusammensetzung, die ihr einen hohen N\\u00e4hrwert verleiht. Der Verzehr von Gelatine unterst\\u00fctzt die Gesundheit von Gelenken, Knochen und Haut.\",\"content_es_es\":\"La gelatina de cerdo es una prote\\u00edna natural, libre de carbohidratos, grasas, colesterol, al\\u00e9rgenos, OGM y aditivos. Puede formar geles y es un excelente aglutinante, estabilizador y adhesivo. Gracias a sus propiedades vers\\u00e1tiles, desempe\\u00f1a un papel importante en las industrias alimentaria y farmac\\u00e9utica actuales. Nuestra gelatina de cerdo se obtiene a partir de materias primas de la m\\u00e1s alta calidad. A trav\\u00e9s de la hidr\\u00f3lisis \\u00e1cida y posterior extracci\\u00f3n, obtenemos un caldo que es una soluci\\u00f3n de prote\\u00edna de col\\u00e1geno. Luego, mediante filtraci\\u00f3n, clarificaci\\u00f3n, concentraci\\u00f3n y secado, obtenemos una forma pura de prote\\u00edna. La gelatina contiene una composici\\u00f3n \\u00fanica de amino\\u00e1cidos, lo que le otorga un alto valor nutricional. El consumo de gelatina favorece la salud de las articulaciones, los huesos y la piel.\",\"content_fr_fr\":\"La g\\u00e9latine porcine est une prot\\u00e9ine naturelle \\u2013 sans glucides, mati\\u00e8res grasses, cholest\\u00e9rol, allerg\\u00e8nes, OGM ni additifs. Elle peut former des gels et constitue un excellent liant, stabilisant et adh\\u00e9sif. Gr\\u00e2ce \\u00e0 ses propri\\u00e9t\\u00e9s polyvalentes, elle joue un r\\u00f4le important dans les industries alimentaire et pharmaceutique d\\u2019aujourd\\u2019hui. Notre g\\u00e9latine porcine est obtenue \\u00e0 partir de mati\\u00e8res premi\\u00e8res de la plus haute qualit\\u00e9. Par hydrolyse acide, suivie d\\u2019une extraction, nous obtenons un bouillon, qui est une solution de prot\\u00e9ine de collag\\u00e8ne. Ensuite, gr\\u00e2ce aux processus de filtration, clarification, concentration et s\\u00e9chage, nous obtenons une forme pure de prot\\u00e9ine. La g\\u00e9latine contient une composition unique en acides amin\\u00e9s, lui conf\\u00e9rant une valeur nutritionnelle \\u00e9lev\\u00e9e. La consommation de g\\u00e9latine contribue \\u00e0 la sant\\u00e9 des articulations, des os et de la peau.\",\"margin\":\"default\"}}]}]}]}],\"version\":\"4.4.20\",\"yooessentialsVersion\":\"2.2.24\"} --><\/p>\n","protected":false},"excerpt":{"rendered":"<p>Offre La g\u00e9latine est une mati\u00e8re premi\u00e8re utilis\u00e9e pour la fabrication d&rsquo;une large gamme de produits. Les entreprises du monde entier l\u2019utilisent pour produire des confiseries, des bonbons g\u00e9lifi\u00e9s, des produits traiteurs, des additifs alimentaires et des capsules pharmaceutiques. G\u00e9latine alimentaire porcine Duret\u00e9: 100-300o BlGranulation: 8-50 Mesh La g\u00e9latine porcine est une prot\u00e9ine naturelle \u2013 [&hellip;]<\/p>\n","protected":false},"author":1,"featured_media":0,"parent":0,"menu_order":0,"comment_status":"closed","ping_status":"closed","template":"","meta":{"footnotes":""},"class_list":["post-71","page","type-page","status-publish","hentry"],"_links":{"self":[{"href":"https:\/\/zelatyna-demo.pl\/fr\/wp-json\/wp\/v2\/pages\/71","targetHints":{"allow":["GET"]}}],"collection":[{"href":"https:\/\/zelatyna-demo.pl\/fr\/wp-json\/wp\/v2\/pages"}],"about":[{"href":"https:\/\/zelatyna-demo.pl\/fr\/wp-json\/wp\/v2\/types\/page"}],"author":[{"embeddable":true,"href":"https:\/\/zelatyna-demo.pl\/fr\/wp-json\/wp\/v2\/users\/1"}],"replies":[{"embeddable":true,"href":"https:\/\/zelatyna-demo.pl\/fr\/wp-json\/wp\/v2\/comments?post=71"}],"version-history":[{"count":23,"href":"https:\/\/zelatyna-demo.pl\/fr\/wp-json\/wp\/v2\/pages\/71\/revisions"}],"predecessor-version":[{"id":524,"href":"https:\/\/zelatyna-demo.pl\/fr\/wp-json\/wp\/v2\/pages\/71\/revisions\/524"}],"wp:attachment":[{"href":"https:\/\/zelatyna-demo.pl\/fr\/wp-json\/wp\/v2\/media?parent=71"}],"curies":[{"name":"wp","href":"https:\/\/api.w.org\/{rel}","templated":true}]}}